{"id":152,"date":"2021-11-27T13:09:27","date_gmt":"2021-11-27T13:09:27","guid":{"rendered":"https:\/\/www.sarjametalli.com\/?page_id=152"},"modified":"2026-04-16T13:30:58","modified_gmt":"2026-04-16T13:30:58","slug":"referenssit","status":"publish","type":"page","link":"https:\/\/www.sarjailma.fi\/index.php\/referenssit\/","title":{"rendered":"YRITYS"},"content":{"rendered":"\n<div class=\"wp-block-columns alignwide is-layout-flex wp-container-core-columns-is-layout-9d6595d7 wp-block-columns-is-layout-flex\">\n<div class=\"wp-block-column is-layout-flow wp-block-column-is-layout-flow\" style=\"flex-basis:100%\">\n<div class=\"wp-block-columns alignfull is-layout-flex wp-container-core-columns-is-layout-9d6595d7 wp-block-columns-is-layout-flex\">\n<div class=\"wp-block-column is-vertically-aligned-top is-layout-flow wp-block-column-is-layout-flow\" style=\"flex-basis:100%\">\n<div class=\"wp-block-columns is-layout-flex wp-container-core-columns-is-layout-9d6595d7 wp-block-columns-is-layout-flex\">\n<div class=\"wp-block-column is-layout-flow wp-block-column-is-layout-flow\" style=\"flex-basis:100%\">\n<div class=\"wp-block-columns is-layout-flex wp-container-core-columns-is-layout-9d6595d7 wp-block-columns-is-layout-flex\">\n<div class=\"wp-block-column is-layout-flow wp-block-column-is-layout-flow\" style=\"flex-basis:100%\">\n<figure class=\"wp-block-gallery has-nested-images columns-default is-cropped wp-block-gallery-1 is-layout-flex wp-block-gallery-is-layout-flex\">\n<figure class=\"wp-block-image size-large\"><img loading=\"lazy\" decoding=\"async\" width=\"1024\" height=\"681\" data-id=\"327\" src=\"http:\/\/www.sarjailma.fi\/wp-content\/uploads\/2026\/04\/Sarjailma_JS21-1024x681.jpg\" alt=\"\" class=\"wp-image-327\" srcset=\"https:\/\/www.sarjailma.fi\/wp-content\/uploads\/2026\/04\/Sarjailma_JS21-1024x681.jpg 1024w, https:\/\/www.sarjailma.fi\/wp-content\/uploads\/2026\/04\/Sarjailma_JS21-300x200.jpg 300w, https:\/\/www.sarjailma.fi\/wp-content\/uploads\/2026\/04\/Sarjailma_JS21-768x511.jpg 768w, https:\/\/www.sarjailma.fi\/wp-content\/uploads\/2026\/04\/Sarjailma_JS21-1536x1022.jpg 1536w, https:\/\/www.sarjailma.fi\/wp-content\/uploads\/2026\/04\/Sarjailma_JS21-2048x1363.jpg 2048w\" sizes=\"auto, (max-width: 1024px) 100vw, 1024px\" \/><\/figure>\n\n\n\n<figure class=\"wp-block-image size-full\"><a href=\"https:\/\/www.esitteemme.fi\/Sarjailma_Oy\/WebView\/\"><img loading=\"lazy\" decoding=\"async\" width=\"400\" height=\"566\" data-id=\"315\" src=\"http:\/\/www.sarjailma.fi\/wp-content\/uploads\/2026\/04\/frontpage-flip-1.jpg\" alt=\"\" class=\"wp-image-315\" srcset=\"https:\/\/www.sarjailma.fi\/wp-content\/uploads\/2026\/04\/frontpage-flip-1.jpg 400w, https:\/\/www.sarjailma.fi\/wp-content\/uploads\/2026\/04\/frontpage-flip-1-212x300.jpg 212w\" sizes=\"auto, (max-width: 400px) 100vw, 400px\" \/><\/a><\/figure>\n\n\n\n<figure class=\"wp-block-image size-large\"><img loading=\"lazy\" decoding=\"async\" width=\"1024\" height=\"681\" data-id=\"326\" src=\"http:\/\/www.sarjailma.fi\/wp-content\/uploads\/2026\/04\/Sarjailma_JS20-1024x681.jpg\" alt=\"\" class=\"wp-image-326\" srcset=\"https:\/\/www.sarjailma.fi\/wp-content\/uploads\/2026\/04\/Sarjailma_JS20-1024x681.jpg 1024w, https:\/\/www.sarjailma.fi\/wp-content\/uploads\/2026\/04\/Sarjailma_JS20-300x200.jpg 300w, https:\/\/www.sarjailma.fi\/wp-content\/uploads\/2026\/04\/Sarjailma_JS20-768x511.jpg 768w, https:\/\/www.sarjailma.fi\/wp-content\/uploads\/2026\/04\/Sarjailma_JS20-1536x1022.jpg 1536w, https:\/\/www.sarjailma.fi\/wp-content\/uploads\/2026\/04\/Sarjailma_JS20-2048x1363.jpg 2048w\" sizes=\"auto, (max-width: 1024px) 100vw, 1024px\" \/><\/figure>\n<\/figure>\n\n\n\n<p><\/p>\n<\/div>\n<\/div>\n<\/div>\n<\/div>\n\n\n\n<pre class=\"wp-block-preformatted has-small-font-size\"><strong>SARJAILMA OY<\/strong>\n\nMuutaman vuoden tauon j\u00e4lkeen totesimme vuoden 2021 lopulla, ett\u00e4 hyv\u00e4lle urakoinnille sek\u00e4 luotettavalle suomalaiselle ty\u00f6nantajalle on edelleen kysynt\u00e4\u00e4, ja p\u00e4\u00e4timme kantaa j\u00e4lleen kortemme kekoon.  \n\nYrityksemme juuret juontavat jo 50 vuoden taakse, ja perustajaj\u00e4senill\u00e4mme on kymmenien vuosien kokemus ilmanvaihtourakoinnista. Urakointitaustamme kattaa niin asuntorakentamisen, kuin julkisen puolen kohteet (koulut ym.). Ty\u00f6njohto-oikeuksissa omaamme korkeimman IV-ty\u00f6njohtoluokan (poikkeuksellisen vaativa) oikeudet.  \n\nVaikka toimintamme alkaakin perinteisell\u00e4 asuntorakentamisen ilmanvaihtourakoinnilla, tarkoituksemme on kehitt\u00e4\u00e4 toimintaamme yhdess\u00e4 asiakkaittemme kanssa t\u00e4ydenpalvelun talotekniikkatoimittajaksi. Tavoittelemme kumppanuutta, jossa tiiviill\u00e4 yhteisty\u00f6ll\u00e4 voimme luoda lis\u00e4arvoa sek\u00e4 kumppaneillemme ett\u00e4 meille. My\u00f6s tietomallipohjainen tietojenk\u00e4sittely kuuluu valmiuksiimme, kun sit\u00e4 projekteissa edellytet\u00e4\u00e4n. \n\nAlan ty\u00f6voimapulaan haluamme vastata kouluttamalla lis\u00e4\u00e4 osaajia alalle yhteisty\u00f6ss\u00e4 Taitotalon kanssa. Tied\u00e4mme, ett\u00e4 reilulle ja vakaalle ty\u00f6nantajalle riitt\u00e4\u00e4 sitoutuneita tekij\u00f6it\u00e4. <\/pre>\n<\/div>\n<\/div>\n<\/div>\n<\/div>\n\n\n\n<div class=\"wp-block-columns alignfull is-layout-flex wp-container-core-columns-is-layout-9d6595d7 wp-block-columns-is-layout-flex\">\n<div class=\"wp-block-column is-layout-flow wp-block-column-is-layout-flow\" style=\"flex-basis:100%\"><\/div>\n<\/div>\n\n\n\n<p><\/p>\n","protected":false},"excerpt":{"rendered":"<p>SARJAILMA OY Muutaman vuoden tauon j\u00e4lkeen totesimme vuoden 2021 lopulla, ett\u00e4 hyv\u00e4lle urakoinnille sek\u00e4 luotettavalle suomalaiselle ty\u00f6nantajalle on edelleen kysynt\u00e4\u00e4, ja p\u00e4\u00e4timme kantaa j\u00e4lleen kortemme kekoon. Yrityksemme juuret juontavat jo 50 vuoden taakse, ja perustajaj\u00e4senill\u00e4mme on kymmenien vuosien kokemus ilmanvaihtourakoinnista. Urakointitaustamme kattaa niin asuntorakentamisen, kuin julkisen puolen kohteet (koulut ym.). Ty\u00f6njohto-oikeuksissa omaamme korkeimman IV-ty\u00f6njohtoluokan (poikkeuksellisen [&hellip;]<\/p>\n","protected":false},"author":1,"featured_media":0,"parent":0,"menu_order":0,"comment_status":"closed","ping_status":"closed","template":"","meta":{"hide_page_title":"","footnotes":""},"class_list":["post-152","page","type-page","status-publish","hentry"],"_links":{"self":[{"href":"https:\/\/www.sarjailma.fi\/index.php\/wp-json\/wp\/v2\/pages\/152","targetHints":{"allow":["GET"]}}],"collection":[{"href":"https:\/\/www.sarjailma.fi\/index.php\/wp-json\/wp\/v2\/pages"}],"about":[{"href":"https:\/\/www.sarjailma.fi\/index.php\/wp-json\/wp\/v2\/types\/page"}],"author":[{"embeddable":true,"href":"https:\/\/www.sarjailma.fi\/index.php\/wp-json\/wp\/v2\/users\/1"}],"replies":[{"embeddable":true,"href":"https:\/\/www.sarjailma.fi\/index.php\/wp-json\/wp\/v2\/comments?post=152"}],"version-history":[{"count":12,"href":"https:\/\/www.sarjailma.fi\/index.php\/wp-json\/wp\/v2\/pages\/152\/revisions"}],"predecessor-version":[{"id":350,"href":"https:\/\/www.sarjailma.fi\/index.php\/wp-json\/wp\/v2\/pages\/152\/revisions\/350"}],"wp:attachment":[{"href":"https:\/\/www.sarjailma.fi\/index.php\/wp-json\/wp\/v2\/media?parent=152"}],"curies":[{"name":"wp","href":"https:\/\/api.w.org\/{rel}","templated":true}]}}