{"id":204,"date":"2023-11-10T10:19:03","date_gmt":"2023-11-10T10:19:03","guid":{"rendered":"https:\/\/www.sarjailma.fi\/?page_id=204"},"modified":"2026-04-16T13:35:14","modified_gmt":"2026-04-16T13:35:14","slug":"referenssit-2","status":"publish","type":"page","link":"https:\/\/www.sarjailma.fi\/index.php\/referenssit-2\/","title":{"rendered":"REFERENSSIT"},"content":{"rendered":"\n<div class=\"wp-block-columns is-layout-flex wp-container-core-columns-is-layout-9d6595d7 wp-block-columns-is-layout-flex\">\n<div class=\"wp-block-column is-layout-flow wp-block-column-is-layout-flow\" style=\"flex-basis:100%\">\n<div class=\"wp-block-columns is-layout-flex wp-container-core-columns-is-layout-9d6595d7 wp-block-columns-is-layout-flex\">\n<div class=\"wp-block-column is-layout-flow wp-block-column-is-layout-flow\" style=\"flex-basis:100%\">\n<div class=\"wp-block-columns is-layout-flex wp-container-core-columns-is-layout-9d6595d7 wp-block-columns-is-layout-flex\">\n<div class=\"wp-block-column is-layout-flow wp-block-column-is-layout-flow\" style=\"flex-basis:100%\">\n<div class=\"wp-block-group is-nowrap is-layout-flex wp-container-core-group-is-layout-ad2f72ca wp-block-group-is-layout-flex\">\n<div class=\"wp-block-columns is-layout-flex wp-container-core-columns-is-layout-9d6595d7 wp-block-columns-is-layout-flex\">\n<div class=\"wp-block-column is-layout-flow wp-block-column-is-layout-flow\" style=\"flex-basis:100%\">\n<div class=\"wp-block-group is-vertical is-layout-flex wp-container-core-group-is-layout-8cf370e7 wp-block-group-is-layout-flex\">\n<div class=\"wp-block-group\"><div class=\"wp-block-group__inner-container is-layout-constrained wp-block-group-is-layout-constrained\">\n<div class=\"wp-block-columns is-layout-flex wp-container-core-columns-is-layout-9d6595d7 wp-block-columns-is-layout-flex\">\n<div class=\"wp-block-column is-layout-flow wp-block-column-is-layout-flow\" style=\"flex-basis:100%\"><\/div>\n<\/div>\n<\/div><\/div>\n<\/div>\n<\/div>\n<\/div>\n<\/div>\n<\/div>\n<\/div>\n<\/div>\n<\/div>\n<\/div>\n<\/div>\n\n\n\n<div class=\"wp-block-group alignfull is-vertical is-content-justification-center is-layout-flex wp-container-core-group-is-layout-4b2eccd6 wp-block-group-is-layout-flex\">\n<div class=\"wp-block-columns alignwide is-layout-flex wp-container-core-columns-is-layout-9d6595d7 wp-block-columns-is-layout-flex\">\n<div class=\"wp-block-column is-layout-flow wp-block-column-is-layout-flow\" style=\"flex-basis:100%\">\n<div class=\"wp-block-columns alignfull is-layout-flex wp-container-core-columns-is-layout-9d6595d7 wp-block-columns-is-layout-flex\">\n<div class=\"wp-block-column is-vertically-aligned-top is-layout-flow wp-block-column-is-layout-flow\" style=\"flex-basis:100%\">\n<div class=\"wp-block-columns is-layout-flex wp-container-core-columns-is-layout-9d6595d7 wp-block-columns-is-layout-flex\">\n<div class=\"wp-block-column is-layout-flow wp-block-column-is-layout-flow\" style=\"flex-basis:100%\">\n<div class=\"wp-block-columns is-layout-flex wp-container-core-columns-is-layout-9d6595d7 wp-block-columns-is-layout-flex\">\n<div class=\"wp-block-column is-layout-flow wp-block-column-is-layout-flow\" style=\"flex-basis:100%\"><\/div>\n<\/div>\n<\/div>\n<\/div>\n\n\n\n<pre class=\"wp-block-preformatted\"><strong>REFERENSSIT<\/strong><br><br>Toimintamme k\u00e4ynnistyi 17.11.2021, ja sen j\u00e4lkeen on ehtinyt tapahtua paljon. Olemme mm. p\u00e4\u00e4sseet mukaan toteuttamaan yli 1500:aa asuntoa p\u00e4\u00e4kaupunkiseudulle. N\u00e4ist\u00e4 ensimm\u00e4iset ovat jo valmistuneet, ja asukkaat ovat p\u00e4\u00e4sseet nauttimaan uusista kodeistaan, joiden sis\u00e4ilma on taatusti kunnossa!<br><br>Alla on referenssikohteitamme. <\/pre>\n\n\n\n<figure class=\"wp-block-gallery has-nested-images columns-default is-cropped wp-block-gallery-1 is-layout-flex wp-block-gallery-is-layout-flex\">\n<figure class=\"wp-block-image size-large\"><img loading=\"lazy\" decoding=\"async\" width=\"1024\" height=\"768\" data-id=\"275\" src=\"https:\/\/www.sarjailma.fi\/wp-content\/uploads\/2024\/06\/UUSIN-1024x768.jpg\" alt=\"\" class=\"wp-image-275\" srcset=\"https:\/\/www.sarjailma.fi\/wp-content\/uploads\/2024\/06\/UUSIN-1024x768.jpg 1024w, https:\/\/www.sarjailma.fi\/wp-content\/uploads\/2024\/06\/UUSIN-300x225.jpg 300w, https:\/\/www.sarjailma.fi\/wp-content\/uploads\/2024\/06\/UUSIN-768x576.jpg 768w, https:\/\/www.sarjailma.fi\/wp-content\/uploads\/2024\/06\/UUSIN-1536x1152.jpg 1536w, https:\/\/www.sarjailma.fi\/wp-content\/uploads\/2024\/06\/UUSIN.jpg 1600w\" sizes=\"auto, (max-width: 1024px) 100vw, 1024px\" \/><\/figure>\n\n\n\n<figure class=\"wp-block-image size-large\"><img loading=\"lazy\" decoding=\"async\" width=\"1024\" height=\"681\" data-id=\"334\" src=\"http:\/\/www.sarjailma.fi\/wp-content\/uploads\/2026\/04\/Sarjailma_JS5-1024x681.jpg\" alt=\"\" class=\"wp-image-334\" srcset=\"https:\/\/www.sarjailma.fi\/wp-content\/uploads\/2026\/04\/Sarjailma_JS5-1024x681.jpg 1024w, https:\/\/www.sarjailma.fi\/wp-content\/uploads\/2026\/04\/Sarjailma_JS5-300x200.jpg 300w, https:\/\/www.sarjailma.fi\/wp-content\/uploads\/2026\/04\/Sarjailma_JS5-768x511.jpg 768w, https:\/\/www.sarjailma.fi\/wp-content\/uploads\/2026\/04\/Sarjailma_JS5-1536x1022.jpg 1536w, https:\/\/www.sarjailma.fi\/wp-content\/uploads\/2026\/04\/Sarjailma_JS5-2048x1363.jpg 2048w\" sizes=\"auto, (max-width: 1024px) 100vw, 1024px\" \/><\/figure>\n\n\n\n<figure class=\"wp-block-image size-large\"><img loading=\"lazy\" decoding=\"async\" width=\"1024\" height=\"681\" data-id=\"331\" src=\"http:\/\/www.sarjailma.fi\/wp-content\/uploads\/2026\/04\/Sarjailma_JS23-1024x681.jpg\" alt=\"\" class=\"wp-image-331\" srcset=\"https:\/\/www.sarjailma.fi\/wp-content\/uploads\/2026\/04\/Sarjailma_JS23-1024x681.jpg 1024w, https:\/\/www.sarjailma.fi\/wp-content\/uploads\/2026\/04\/Sarjailma_JS23-300x200.jpg 300w, https:\/\/www.sarjailma.fi\/wp-content\/uploads\/2026\/04\/Sarjailma_JS23-768x511.jpg 768w, https:\/\/www.sarjailma.fi\/wp-content\/uploads\/2026\/04\/Sarjailma_JS23-1536x1022.jpg 1536w, https:\/\/www.sarjailma.fi\/wp-content\/uploads\/2026\/04\/Sarjailma_JS23-2048x1363.jpg 2048w\" sizes=\"auto, (max-width: 1024px) 100vw, 1024px\" \/><\/figure>\n<\/figure>\n<\/div>\n<\/div>\n\n\n\n<div class=\"wp-block-columns is-layout-flex wp-container-core-columns-is-layout-9d6595d7 wp-block-columns-is-layout-flex\">\n<div class=\"wp-block-column is-layout-flow wp-block-column-is-layout-flow\">\n<pre class=\"wp-block-preformatted\"><strong>As Oy Tikkurilan Kolmas, SRV<\/strong><br>33 asuntoa <br><\/pre>\n\n\n\n<pre class=\"wp-block-preformatted\"><strong>Tuusulan Pataljoonantie 3-5, Jatke<\/strong> <strong>Uusimaa <\/strong><br>92 asuntoa <br><\/pre>\n\n\n\n<pre class=\"wp-block-preformatted\"><strong>As Oy Helsingin Meander, SSA Rakennus <\/strong><br>116 asuntoa + parkkihalli <br><\/pre>\n\n\n\n<pre class=\"wp-block-preformatted\"><strong>Suurpellon T\u00e4hti, Jatke Uusimaa <\/strong><br>80 asuntoa <br><\/pre>\n\n\n\n<div class=\"wp-block-columns is-layout-flex wp-container-core-columns-is-layout-9d6595d7 wp-block-columns-is-layout-flex\">\n<div class=\"wp-block-column is-layout-flow wp-block-column-is-layout-flow\" style=\"flex-basis:100%\">\n<pre class=\"wp-block-preformatted\"><strong>Espoon Nihtisillankuja 2, Lujatalo<\/strong> <br>68 asuntoa <br><\/pre>\n<\/div>\n<\/div>\n\n\n\n<div class=\"wp-block-columns is-layout-flex wp-container-core-columns-is-layout-9d6595d7 wp-block-columns-is-layout-flex\">\n<div class=\"wp-block-column is-layout-flow wp-block-column-is-layout-flow\" style=\"flex-basis:100%\">\n<pre class=\"wp-block-preformatted\"><strong>Anna Sahlsteninkatu 13, Soimu <\/strong><br>67 asuntoa <\/pre>\n<\/div>\n<\/div>\n\n\n\n<pre class=\"wp-block-preformatted\"><strong>Helsingin Sitadelli 5 ja 6, Bonava<\/strong> <br>165+54 asuntoa + parkkihalli, 16 kerrosta, poikkeuksellisen vaativa kohde. <br><\/pre>\n\n\n\n<pre class=\"wp-block-preformatted\"><strong>Espoon Hehkurinne 2, Pajala<\/strong><br>88 asuntoa + parkkihalli <br><\/pre>\n<\/div>\n\n\n\n<div class=\"wp-block-column is-layout-flow wp-block-column-is-layout-flow\">\n<pre class=\"wp-block-preformatted\"><strong>As Oy Espoon Edith<\/strong>, <strong>Peab <\/strong><br>51 asuntoa<br><\/pre>\n\n\n\n<pre class=\"wp-block-preformatted\"><strong>J\u00e4rvenp\u00e4\u00e4n Alhotie 19, Peab<\/strong> <br>119 asuntoa <br><\/pre>\n\n\n\n<pre class=\"wp-block-preformatted\"><strong>Espoon Lillhemtintie 13, Espoon Asunnot<\/strong> <br>91 asuntoa <br><\/pre>\n\n\n\n<pre class=\"wp-block-preformatted\"><strong>TA ja M2 Postipuisto, Jatke Uusimaa <\/strong><br>94+112 asuntoa <br><\/pre>\n\n\n\n<pre class=\"wp-block-preformatted\"><strong>M2 Verkkoneula, Hausia<\/strong> <br>134 asuntoa <\/pre>\n\n\n\n<pre class=\"wp-block-preformatted\"><strong>Helsingin Merihein\u00e4 ja -puisto, Aura<\/strong> <br>32 asuntoa <br><\/pre>\n\n\n\n<pre class=\"wp-block-preformatted\"><strong>Espoon Vuoritontuntie, Lujatalo<\/strong> <br>102 asuntoa + parkkihalli <br><br><\/pre>\n\n\n\n<pre class=\"wp-block-preformatted\"><strong>Karakallion Paula, Varte<\/strong> <br>101 asuntoa  <br><\/pre>\n<\/div>\n<\/div>\n<\/div>\n<\/div>\n\n\n\n<pre class=\"wp-block-preformatted wp-container-content-9cfa9a5a\"><strong>Espoon Gerkinkartano ja Hehkutie, Jatke Uusimaa <\/strong><br>251 asuntoa + parkkihalli <br><\/pre>\n<\/div>\n\n\n\n<div class=\"wp-block-columns alignfull is-layout-flex wp-container-core-columns-is-layout-9d6595d7 wp-block-columns-is-layout-flex\">\n<div class=\"wp-block-column is-layout-flow wp-block-column-is-layout-flow\" style=\"flex-basis:100%\"><\/div>\n<\/div>\n\n\n\n<p><\/p>\n","protected":false},"excerpt":{"rendered":"<p>REFERENSSITToimintamme k\u00e4ynnistyi 17.11.2021, ja sen j\u00e4lkeen on ehtinyt tapahtua paljon. Olemme mm. p\u00e4\u00e4sseet mukaan toteuttamaan yli 1500:aa asuntoa p\u00e4\u00e4kaupunkiseudulle. N\u00e4ist\u00e4 ensimm\u00e4iset ovat jo valmistuneet, ja asukkaat ovat p\u00e4\u00e4sseet nauttimaan uusista kodeistaan, joiden sis\u00e4ilma on taatusti kunnossa!Alla on referenssikohteitamme. As Oy Tikkurilan Kolmas, SRV33 asuntoa Tuusulan Pataljoonantie 3-5, Jatke Uusimaa 92 asuntoa As Oy Helsingin Meander, [&hellip;]<\/p>\n","protected":false},"author":1,"featured_media":0,"parent":0,"menu_order":0,"comment_status":"closed","ping_status":"closed","template":"","meta":{"hide_page_title":"","footnotes":""},"class_list":["post-204","page","type-page","status-publish","hentry"],"_links":{"self":[{"href":"https:\/\/www.sarjailma.fi\/index.php\/wp-json\/wp\/v2\/pages\/204","targetHints":{"allow":["GET"]}}],"collection":[{"href":"https:\/\/www.sarjailma.fi\/index.php\/wp-json\/wp\/v2\/pages"}],"about":[{"href":"https:\/\/www.sarjailma.fi\/index.php\/wp-json\/wp\/v2\/types\/page"}],"author":[{"embeddable":true,"href":"https:\/\/www.sarjailma.fi\/index.php\/wp-json\/wp\/v2\/users\/1"}],"replies":[{"embeddable":true,"href":"https:\/\/www.sarjailma.fi\/index.php\/wp-json\/wp\/v2\/comments?post=204"}],"version-history":[{"count":75,"href":"https:\/\/www.sarjailma.fi\/index.php\/wp-json\/wp\/v2\/pages\/204\/revisions"}],"predecessor-version":[{"id":356,"href":"https:\/\/www.sarjailma.fi\/index.php\/wp-json\/wp\/v2\/pages\/204\/revisions\/356"}],"wp:attachment":[{"href":"https:\/\/www.sarjailma.fi\/index.php\/wp-json\/wp\/v2\/media?parent=204"}],"curies":[{"name":"wp","href":"https:\/\/api.w.org\/{rel}","templated":true}]}}