{"id":79,"date":"2021-10-12T14:17:14","date_gmt":"2021-10-12T14:17:14","guid":{"rendered":"http:\/\/www.sarjametalli.com\/?page_id=79"},"modified":"2026-04-16T13:28:42","modified_gmt":"2026-04-16T13:28:42","slug":"ilmanvaihtotyot-vuodesta-1972","status":"publish","type":"page","link":"https:\/\/www.sarjailma.fi\/","title":{"rendered":"ETUSIVU"},"content":{"rendered":"\n<div class=\"wp-block-columns alignwide is-layout-flex wp-container-core-columns-is-layout-9d6595d7 wp-block-columns-is-layout-flex\">\n<div class=\"wp-block-column is-layout-flow wp-block-column-is-layout-flow\" style=\"flex-basis:100%\">\n<pre class=\"wp-block-code has-large-font-size\"><code>Sarjailma Oy tekee ilmanvaihtoty\u00f6t vuosikymmenien kokemuksella ja aina laadukkaasti. Kun haluat parhaan tekij\u00e4n ilmanvaihtourakkasi toteuttamiseen, valintasi on Sarjailma Oy!<\/code><\/pre>\n\n\n\n<div class=\"wp-block-buttons is-layout-flex wp-block-buttons-is-layout-flex\">\n<div class=\"wp-block-button has-custom-width wp-block-button__width-100\"><a class=\"wp-block-button__link has-quaternary-color has-primary-background-color has-text-color has-background has-medium-font-size has-custom-font-size wp-element-button\" href=\"https:\/\/www.sarjailma.fi\/index.php\/etusivu\/\">Ota meihin yhteytt\u00e4 ja kysy lis\u00e4\u00e4!<\/a><\/div>\n<\/div>\n<\/div>\n<\/div>\n\n\n\n<div class=\"wp-block-group alignwide is-content-justification-center is-nowrap is-layout-flex wp-container-core-group-is-layout-94bc23d7 wp-block-group-is-layout-flex\">\n<iframe loading=\"lazy\" src=\"https:\/\/www.esitteemme.fi\/video\/74F057462\" scrolling=\"no\" frameborder=\"no\" align=\"center\" height=\"280px\" width=\"500px\" allowfullscreen><\/iframe>\n<\/div>\n\n\n\n<figure class=\"wp-block-gallery alignwide has-nested-images columns-default is-cropped wp-block-gallery-1 is-layout-flex wp-block-gallery-is-layout-flex\">\n<figure class=\"wp-block-image size-large\"><img loading=\"lazy\" decoding=\"async\" width=\"1024\" height=\"681\" data-id=\"330\" src=\"http:\/\/www.sarjailma.fi\/wp-content\/uploads\/2026\/04\/Sarjailma_JS6-1024x681.jpg\" alt=\"\" class=\"wp-image-330\" srcset=\"https:\/\/www.sarjailma.fi\/wp-content\/uploads\/2026\/04\/Sarjailma_JS6-1024x681.jpg 1024w, https:\/\/www.sarjailma.fi\/wp-content\/uploads\/2026\/04\/Sarjailma_JS6-300x200.jpg 300w, https:\/\/www.sarjailma.fi\/wp-content\/uploads\/2026\/04\/Sarjailma_JS6-768x511.jpg 768w, https:\/\/www.sarjailma.fi\/wp-content\/uploads\/2026\/04\/Sarjailma_JS6-1536x1022.jpg 1536w, https:\/\/www.sarjailma.fi\/wp-content\/uploads\/2026\/04\/Sarjailma_JS6-2048x1363.jpg 2048w\" sizes=\"auto, (max-width: 1024px) 100vw, 1024px\" \/><\/figure>\n\n\n\n<figure class=\"wp-block-image size-large is-style-default\"><img loading=\"lazy\" decoding=\"async\" width=\"1024\" height=\"681\" data-id=\"329\" src=\"http:\/\/www.sarjailma.fi\/wp-content\/uploads\/2026\/04\/Sarjailma_JS4-1024x681.jpg\" alt=\"\" class=\"wp-image-329\" srcset=\"https:\/\/www.sarjailma.fi\/wp-content\/uploads\/2026\/04\/Sarjailma_JS4-1024x681.jpg 1024w, https:\/\/www.sarjailma.fi\/wp-content\/uploads\/2026\/04\/Sarjailma_JS4-300x200.jpg 300w, https:\/\/www.sarjailma.fi\/wp-content\/uploads\/2026\/04\/Sarjailma_JS4-768x511.jpg 768w, https:\/\/www.sarjailma.fi\/wp-content\/uploads\/2026\/04\/Sarjailma_JS4-1536x1022.jpg 1536w, https:\/\/www.sarjailma.fi\/wp-content\/uploads\/2026\/04\/Sarjailma_JS4-2048x1363.jpg 2048w\" sizes=\"auto, (max-width: 1024px) 100vw, 1024px\" \/><\/figure>\n\n\n\n<figure class=\"wp-block-image size-large\"><img loading=\"lazy\" decoding=\"async\" width=\"1024\" height=\"681\" data-id=\"324\" src=\"http:\/\/www.sarjailma.fi\/wp-content\/uploads\/2026\/04\/Sarjailma_JS17-1024x681.jpg\" alt=\"\" class=\"wp-image-324\" srcset=\"https:\/\/www.sarjailma.fi\/wp-content\/uploads\/2026\/04\/Sarjailma_JS17-1024x681.jpg 1024w, https:\/\/www.sarjailma.fi\/wp-content\/uploads\/2026\/04\/Sarjailma_JS17-300x200.jpg 300w, https:\/\/www.sarjailma.fi\/wp-content\/uploads\/2026\/04\/Sarjailma_JS17-768x511.jpg 768w, https:\/\/www.sarjailma.fi\/wp-content\/uploads\/2026\/04\/Sarjailma_JS17-1536x1022.jpg 1536w, https:\/\/www.sarjailma.fi\/wp-content\/uploads\/2026\/04\/Sarjailma_JS17-2048x1363.jpg 2048w\" sizes=\"auto, (max-width: 1024px) 100vw, 1024px\" \/><\/figure>\n<\/figure>\n\n\n\n<p><\/p>\n","protected":false},"excerpt":{"rendered":"","protected":false},"author":1,"featured_media":0,"parent":0,"menu_order":0,"comment_status":"closed","ping_status":"closed","template":"","meta":{"hide_page_title":"","footnotes":""},"class_list":["post-79","page","type-page","status-publish","hentry"],"_links":{"self":[{"href":"https:\/\/www.sarjailma.fi\/index.php\/wp-json\/wp\/v2\/pages\/79","targetHints":{"allow":["GET"]}}],"collection":[{"href":"https:\/\/www.sarjailma.fi\/index.php\/wp-json\/wp\/v2\/pages"}],"about":[{"href":"https:\/\/www.sarjailma.fi\/index.php\/wp-json\/wp\/v2\/types\/page"}],"author":[{"embeddable":true,"href":"https:\/\/www.sarjailma.fi\/index.php\/wp-json\/wp\/v2\/users\/1"}],"replies":[{"embeddable":true,"href":"https:\/\/www.sarjailma.fi\/index.php\/wp-json\/wp\/v2\/comments?post=79"}],"version-history":[{"count":31,"href":"https:\/\/www.sarjailma.fi\/index.php\/wp-json\/wp\/v2\/pages\/79\/revisions"}],"predecessor-version":[{"id":348,"href":"https:\/\/www.sarjailma.fi\/index.php\/wp-json\/wp\/v2\/pages\/79\/revisions\/348"}],"wp:attachment":[{"href":"https:\/\/www.sarjailma.fi\/index.php\/wp-json\/wp\/v2\/media?parent=79"}],"curies":[{"name":"wp","href":"https:\/\/api.w.org\/{rel}","templated":true}]}}