{"id":84,"date":"2021-10-12T14:20:46","date_gmt":"2021-10-12T14:20:46","guid":{"rendered":"http:\/\/www.sarjametalli.com\/?page_id=84"},"modified":"2025-04-25T05:39:32","modified_gmt":"2025-04-25T05:39:32","slug":"etusivu","status":"publish","type":"page","link":"https:\/\/www.sarjailma.fi\/index.php\/etusivu\/","title":{"rendered":"YHTEYSTIEDOT"},"content":{"rendered":"\n<div class=\"wp-block-columns alignwide is-layout-flex wp-container-core-columns-is-layout-9d6595d7 wp-block-columns-is-layout-flex\">\n<div class=\"wp-block-column is-layout-flow wp-block-column-is-layout-flow\" style=\"flex-basis:100%\">\n<div class=\"wp-block-columns is-layout-flex wp-container-core-columns-is-layout-9d6595d7 wp-block-columns-is-layout-flex\">\n<div class=\"wp-block-column is-layout-flow wp-block-column-is-layout-flow\" style=\"flex-basis:100%\">\n<div class=\"wp-block-columns is-layout-flex wp-container-core-columns-is-layout-9d6595d7 wp-block-columns-is-layout-flex\">\n<div class=\"wp-block-column is-layout-flow wp-block-column-is-layout-flow\" style=\"flex-basis:33.33%\">\n<pre class=\"wp-block-preformatted\"><strong>Sarjailma Oy<\/strong>\n\nKanta-Mikkolantie 5\n09430 Saukkola\nY-tunnus: 3249104-3\ninfo@sarjailma.fi\n\nVerkkolaskut:\nSaaja: Sarjailma Oy\nOperaattori: Maventa 003721291126\nVerkkolaskuosoite: 003732491043 <\/pre>\n\n\n\n<pre class=\"wp-block-preformatted\"><strong>Toimitusjohtaja<\/strong>\nTuomo Kotialho\ntuomo.kotialho@sarjailma.fi\n+358 50 329 6300<\/pre>\n\n\n\n<pre class=\"wp-block-preformatted\"><strong>Projektip\u00e4\u00e4llikk\u00f6<\/strong>\nSami Korpinen\nsami.korpinen@sarjailma.fi\n+358 50 344 8289<\/pre>\n\n\n\n<pre class=\"wp-block-preformatted\"><strong>Tekninen johtaja<\/strong>\nMiika Koivum\u00e4ki\nmiika.koivumaki@sarjailma.fi\n+358 44 988 7383<\/pre>\n<\/div>\n\n\n\n<div class=\"wp-block-column is-vertically-aligned-stretch is-layout-flow wp-block-column-is-layout-flow\" style=\"flex-basis:66.66%\">\n<div class=\"wp-block-group alignwide is-vertical is-layout-flex wp-container-core-group-is-layout-8cf370e7 wp-block-group-is-layout-flex\">\n<figure class=\"wp-block-gallery has-nested-images columns-default is-cropped wp-block-gallery-1 is-layout-flex wp-block-gallery-is-layout-flex\">\n<figure class=\"wp-block-image size-large\"><img loading=\"lazy\" decoding=\"async\" width=\"1024\" height=\"768\" data-id=\"119\" src=\"https:\/\/www.sarjailma.fi\/wp-content\/uploads\/2021\/10\/IMG_20211012_183145-1024x768.jpg\" alt=\"\" class=\"wp-image-119\" style=\"aspect-ratio:3\/2;object-fit:cover\" srcset=\"https:\/\/www.sarjailma.fi\/wp-content\/uploads\/2021\/10\/IMG_20211012_183145-1024x768.jpg 1024w, https:\/\/www.sarjailma.fi\/wp-content\/uploads\/2021\/10\/IMG_20211012_183145-300x225.jpg 300w, https:\/\/www.sarjailma.fi\/wp-content\/uploads\/2021\/10\/IMG_20211012_183145-768x576.jpg 768w, https:\/\/www.sarjailma.fi\/wp-content\/uploads\/2021\/10\/IMG_20211012_183145-1536x1152.jpg 1536w, https:\/\/www.sarjailma.fi\/wp-content\/uploads\/2021\/10\/IMG_20211012_183145-2048x1536.jpg 2048w\" sizes=\"auto, (max-width: 1024px) 100vw, 1024px\" \/><\/figure>\n\n\n\n<figure class=\"wp-block-image size-large is-style-default wp-container-content-885d38d7\"><img loading=\"lazy\" decoding=\"async\" width=\"1024\" height=\"768\" data-id=\"123\" src=\"https:\/\/www.sarjailma.fi\/wp-content\/uploads\/2021\/10\/9461625260757044132-2-1024x768.jpg\" alt=\"\" class=\"wp-image-123\" srcset=\"https:\/\/www.sarjailma.fi\/wp-content\/uploads\/2021\/10\/9461625260757044132-2-1024x768.jpg 1024w, https:\/\/www.sarjailma.fi\/wp-content\/uploads\/2021\/10\/9461625260757044132-2-300x225.jpg 300w, https:\/\/www.sarjailma.fi\/wp-content\/uploads\/2021\/10\/9461625260757044132-2-768x576.jpg 768w, https:\/\/www.sarjailma.fi\/wp-content\/uploads\/2021\/10\/9461625260757044132-2-1536x1152.jpg 1536w, https:\/\/www.sarjailma.fi\/wp-content\/uploads\/2021\/10\/9461625260757044132-2-2048x1536.jpg 2048w\" sizes=\"auto, (max-width: 1024px) 100vw, 1024px\" \/><\/figure>\n<\/figure>\n<\/div>\n<\/div>\n<\/div>\n<\/div>\n<\/div>\n<\/div>\n<\/div>\n\n\n\n<div class=\"wp-block-columns alignwide are-vertically-aligned-top is-layout-flex wp-container-core-columns-is-layout-9d6595d7 wp-block-columns-is-layout-flex\">\n<div class=\"wp-block-column is-vertically-aligned-top is-layout-flow wp-block-column-is-layout-flow\"><div class=\"wp-block-image\">\n<figure class=\"aligncenter size-large is-resized\"><img loading=\"lazy\" decoding=\"async\" width=\"1024\" height=\"903\" src=\"https:\/\/www.sarjailma.fi\/wp-content\/uploads\/2025\/04\/STANDING_BLACK_1080x952-1-1024x903.png\" alt=\"\" class=\"wp-image-291\" style=\"width:261px;height:auto\" srcset=\"https:\/\/www.sarjailma.fi\/wp-content\/uploads\/2025\/04\/STANDING_BLACK_1080x952-1-1024x903.png 1024w, https:\/\/www.sarjailma.fi\/wp-content\/uploads\/2025\/04\/STANDING_BLACK_1080x952-1-300x264.png 300w, https:\/\/www.sarjailma.fi\/wp-content\/uploads\/2025\/04\/STANDING_BLACK_1080x952-1-768x677.png 768w, https:\/\/www.sarjailma.fi\/wp-content\/uploads\/2025\/04\/STANDING_BLACK_1080x952-1.png 1080w\" sizes=\"auto, (max-width: 1024px) 100vw, 1024px\" \/><\/figure>\n<\/div><\/div>\n\n\n\n<div class=\"wp-block-column is-vertically-aligned-top is-layout-flow wp-block-column-is-layout-flow\">\n<figure class=\"wp-block-image size-large is-resized is-style-default\"><img loading=\"lazy\" decoding=\"async\" width=\"842\" height=\"396\" src=\"https:\/\/www.sarjailma.fi\/wp-content\/uploads\/2025\/04\/LK_valkoinen_rgb.jpg\" alt=\"\" class=\"wp-image-292\" style=\"width:419px;height:auto\" srcset=\"https:\/\/www.sarjailma.fi\/wp-content\/uploads\/2025\/04\/LK_valkoinen_rgb.jpg 842w, https:\/\/www.sarjailma.fi\/wp-content\/uploads\/2025\/04\/LK_valkoinen_rgb-300x141.jpg 300w, https:\/\/www.sarjailma.fi\/wp-content\/uploads\/2025\/04\/LK_valkoinen_rgb-768x361.jpg 768w\" sizes=\"auto, (max-width: 842px) 100vw, 842px\" \/><\/figure>\n<\/div>\n\n\n\n<div class=\"wp-block-column is-vertically-aligned-top is-layout-flow wp-block-column-is-layout-flow\"><\/div>\n<\/div>\n\n\n\n<p><\/p>\n","protected":false},"excerpt":{"rendered":"<p>Sarjailma Oy Kanta-Mikkolantie 5 09430 Saukkola Y-tunnus: 3249104-3 info@sarjailma.fi Verkkolaskut: Saaja: Sarjailma Oy Operaattori: Maventa 003721291126 Verkkolaskuosoite: 003732491043 Toimitusjohtaja Tuomo Kotialho tuomo.kotialho@sarjailma.fi +358 50 329 6300 Projektip\u00e4\u00e4llikk\u00f6 Sami Korpinen sami.korpinen@sarjailma.fi +358 50 344 8289 Tekninen johtaja Miika Koivum\u00e4ki miika.koivumaki@sarjailma.fi +358 44 988 7383<\/p>\n","protected":false},"author":1,"featured_media":0,"parent":0,"menu_order":0,"comment_status":"closed","ping_status":"closed","template":"","meta":{"hide_page_title":"","footnotes":""},"class_list":["post-84","page","type-page","status-publish","hentry"],"_links":{"self":[{"href":"https:\/\/www.sarjailma.fi\/index.php\/wp-json\/wp\/v2\/pages\/84","targetHints":{"allow":["GET"]}}],"collection":[{"href":"https:\/\/www.sarjailma.fi\/index.php\/wp-json\/wp\/v2\/pages"}],"about":[{"href":"https:\/\/www.sarjailma.fi\/index.php\/wp-json\/wp\/v2\/types\/page"}],"author":[{"embeddable":true,"href":"https:\/\/www.sarjailma.fi\/index.php\/wp-json\/wp\/v2\/users\/1"}],"replies":[{"embeddable":true,"href":"https:\/\/www.sarjailma.fi\/index.php\/wp-json\/wp\/v2\/comments?post=84"}],"version-history":[{"count":24,"href":"https:\/\/www.sarjailma.fi\/index.php\/wp-json\/wp\/v2\/pages\/84\/revisions"}],"predecessor-version":[{"id":301,"href":"https:\/\/www.sarjailma.fi\/index.php\/wp-json\/wp\/v2\/pages\/84\/revisions\/301"}],"wp:attachment":[{"href":"https:\/\/www.sarjailma.fi\/index.php\/wp-json\/wp\/v2\/media?parent=84"}],"curies":[{"name":"wp","href":"https:\/\/api.w.org\/{rel}","templated":true}]}}